{"id":4217,"date":"2020-04-13T17:06:20","date_gmt":"2020-04-13T17:06:20","guid":{"rendered":"https:\/\/yachtsolaris.com\/?page_id=4217"},"modified":"2024-07-25T10:21:58","modified_gmt":"2024-07-25T15:21:58","slug":"galapagos-experience","status":"publish","type":"page","link":"https:\/\/yachtsolaris.com\/es\/galapagos-experience\/","title":{"rendered":"Galapagos Experience"},"content":{"rendered":"<div class=\"wpb-content-wrapper\"><div  class=\"content_row row vc_row wpb_row  default-style fullwidth fixed_heights rt-flex-wrapper rt-flex-wrapper has-custom-margin\" style=\"margin-top:30px;\">\n\t\n\t<div class=\"content_row_wrapper align-contents content-align-middle nopadding fullwidth\" ><div id=\"asdasd\" class=\"vc_col-sm-12 wpb_column vc_column_container custom_bg\" >\n\t<div class=\"vc_column-inner\" style=\"padding-top:0px;padding-bottom:20px;background-color: rgba(255,255,255,0.1);\">\n\t\t<div class=\"wpb_wrapper\" >\n\t\t\t<div class=\"rt_heading_wrapper style-4\">\n\t\t\t\t\t\t<h1 class=\"rt_heading  style-4\" >EXPERIENCIA GAL\u00c1PAGOS<\/h1> \n\t\t\t\t\t<\/div>\n\t\t<\/div>\n\t<\/div>\n\t<\/div>\n\n\t<div id=\"asdasd\" class=\"vc_col-sm-4 wpb_column vc_column_container mobile-border-bottom\" >\n\t<div class=\"vc_column-inner\" style=\"padding-top:30px;\">\n\t\t<div class=\"wpb_wrapper\" >\n\t\t\t<article  class=\"image-content-box content-box box-style-1 center\"><div class=\"featured_image_holder\"><img decoding=\"async\" class=\"img-responsive\" src=\"https:\/\/yachtsolaris.com\/wp-content\/uploads\/2020\/05\/hikers-enjoy-panorama-at-viewpoint-giant-caldera-sierra-negra-volcano-galapagos.jpg\" alt=\"ATC Cruises Galapagos Islands Ecuador wildlife\" \/><\/div><div class=\"text-holder\"><h3 class=\"heading\">Uso \u00f3ptimo de tu limitado tiempo en las Gal\u00e1pagos<\/h3> <p id=\"u12419-2\">Nuestros activos programas de expediciones naturalistas son la manera m\u00e1s eficiente de hacer un uso \u00f3ptimo de tu limitado tiempo en las Gal\u00e1pagos; combinan navegaciones en la tarde o noche con al menos dos excursiones cada d\u00eda, y por lo general incluso una actividad extra como un paseo en bote o snorkel.<\/p>\n<p id=\"u12419-5\">La alternativa de tener una isla como base y tomar excursiones de un d\u00eda (\u201cprogramas de isla en isla\u201d) hace que se pierda mucho tiempo yendo y viniendo, a menudo en una inc\u00f3moda lancha, y generalmente s\u00f3lo se puede visitar un sitio cercano cada d\u00eda (llegando aproximadamente al mediod\u00eda). En comparaci\u00f3n, los Archipel navegan a destinos m\u00e1s exclusivos y muestran a sus pasajeros el doble en la misma cantidad de tiempo. Adem\u00e1s, los grandes barcos de expedici\u00f3n no pueden entrar en las bah\u00edas paradis\u00edacas y poco profundas donde echamos ancla.<\/p>\n<\/div><\/article>\n\t\t<\/div>\n\t<\/div>\n\t<\/div>\n\n\t<div id=\"asdasd\" class=\"vc_col-sm-4 wpb_column vc_column_container mobile-border-bottom custom_bg\" >\n\t<div class=\"vc_column-inner\" style=\"padding-top:30px;background-color: rgba(255,255,255,0.1);\">\n\t\t<div class=\"wpb_wrapper\" >\n\t\t\t<article  class=\"image-content-box content-box box-style-1 center\"><div class=\"featured_image_holder\"><img decoding=\"async\" class=\"img-responsive\" src=\"https:\/\/yachtsolaris.com\/wp-content\/uploads\/2020\/05\/wildlife-observation-galapagos-guide-with-senior-tourist-couple-400x600px.jpg\" alt=\"ATC Cruises Galapagos Islands Ecuador experiences\" \/><\/div><div class=\"text-holder\"><h3 class=\"heading\">Nuestro esfuerzo por dar a\u00fan m\u00e1s vida a la naturaleza.<\/h3> <p id=\"u12422-2\">Sin duda su gu\u00eda naturalista a bordo es el eje crucial de su experiencia en las Gal\u00e1pagos. Siendo un yate a motor de primera clase, Solaris cuenta s\u00f3lo con los mejores gu\u00edas certificados por el Parque Nacional. Nuestros expertos utilizan su amplia experiencia para dirigir las excursiones, buscar e identificar especies y se\u00f1alar detalles interesantes; adem\u00e1s de cuidar de su seguridad y cumplir con las normas de conservaci\u00f3n indispensables.<\/p>\n<p id=\"u12422-5\">Por encima de todo, nuestros gu\u00edas comparten sus conocimientos, amor y respeto por el impresionante ecosistema de las Gal\u00e1pagos. Sus inspiradoras explicaciones (en ingl\u00e9s y espa\u00f1ol) y fascinantes historias sobre el comportamiento animal, intrigantes ecosistemas y estrategias de supervivencia pueden hacer que la naturaleza cobre a\u00fan m\u00e1s vida; no s\u00f3lo sobre el terreno, sino tambi\u00e9n durante las charlas o las sesiones informativas diarias a bordo. Por supuesto, puede consultar a su gu\u00eda sus dudas personales o simplemente compartir su curiosidad.<\/p>\n<\/div><\/article>\n\t\t<\/div>\n\t<\/div>\n\t<\/div>\n\n\t<div id=\"asdasd\" class=\"vc_col-sm-4 wpb_column vc_column_container mobile-border-bottom\" >\n\t<div class=\"vc_column-inner\" style=\"padding-top:30px;padding-bottom:60px;\">\n\t\t<div class=\"wpb_wrapper\" >\n\t\t\t<article  class=\"image-content-box content-box box-style-1 center\"><div class=\"featured_image_holder\"><img decoding=\"async\" class=\"img-responsive\" src=\"https:\/\/yachtsolaris.com\/wp-content\/uploads\/2020\/08\/archipels-experince.jpg\" alt=\"Archipel Experience Galapagos Islands Ecuador\" \/><\/div><div class=\"text-holder\"><h3 class=\"heading\">Disfruta de una experiencia natural m\u00e1s \u00edntima<\/h3> <p id=\"u12427-2\">Los grupos peque\u00f1os definitivamente hacen que la naturaleza y la experiencia de la expedici\u00f3n sean m\u00e1s \u00edntimas y profundas. Gracias a un n\u00famero m\u00e1ximo de solo 16 pasajeros a bordo de los Archipel, tu gu\u00eda naturalista podr\u00e1 responder f\u00e1cilmente a diferentes intereses individuales. Tambi\u00e9n podr\u00e1s escucharlo alto y claro en el campo.<\/p>\n<p id=\"u12427-5\">Nuestros dos botes inflables peque\u00f1os hacen que el embarque y el desembarque de nuestro yate sea mucho m\u00e1s r\u00e1pido y aumentan las posibilidades de ver vida silvestre durante los paseos en bote. En embarcaciones de expedici\u00f3n m\u00e1s grandes, los diferentes grupos deben mantener una cierta distancia y perder flexibilidad y valioso tiempo de excursi\u00f3n en las islas.<\/p>\n<\/div><\/article>\n\t\t<\/div>\n\t<\/div>\n\t<\/div>\n<\/div>\n<\/div>\n\n<div  class=\"content_row row vc_row wpb_row  default-style fullwidth fixed_heights rt-flex-wrapper rt-flex-wrapper has-custom-margin border-top\" style=\"margin-top:10px;\">\n\t\n\t<div class=\"content_row_wrapper align-contents content-align-middle fullwidth\" ><div id=\"asdasd\" class=\"vc_col-sm-4 wpb_column vc_column_container mobile-border-bottom\" >\n\t<div class=\"vc_column-inner\" style=\"padding-bottom:20px;\">\n\t\t<div class=\"wpb_wrapper\" >\n\t\t\t<article  class=\"image-content-box content-box box-style-1 center\"><div class=\"featured_image_holder\"><img decoding=\"async\" class=\"img-responsive\" src=\"https:\/\/yachtsolaris.com\/wp-content\/uploads\/2020\/05\/formation-great-frigatebirds-galapagos-400x600px.jpg\" alt=\"ATC Cruises Galapagos Islands Ecuador wildlife\" \/><\/div><div class=\"text-holder\"><h3 class=\"heading\">Un crucero naturalista \u00fanico en la vida<\/h3> <article class=\"icon-content-box content-box icon-top icon-style-1\">\n<div class=\"text-holder\">\n<p id=\"u12450-2\">La intimidad es precisamente algo que diferencia a nuestro catamar\u00e1n de los enormes e impersonales cruceros que navegan por los siete mares, y tambi\u00e9n de unos pocos grandes barcos de expedici\u00f3n en las Gal\u00e1pagos.<\/p>\n<p id=\"u12450-5\">Tu expedici\u00f3n tambi\u00e9n ser\u00e1 una cita internacional. A bordo se habla ingl\u00e9s y espa\u00f1ol, y podr\u00e1s compartir tu experiencia con pasajeros de todo el mundo, \u00a1e incluso podr\u00e1s hacer nuevos amigos!<\/p>\n<p id=\"u12450-8\">\u00a1Nuestro amable y servicial personal har\u00e1 todo lo posible para convertir tu expedici\u00f3n \u00fanica en Gal\u00e1pagos en el viaje de tu vida!<\/p>\n<\/div>\n<\/article>\n<\/div><\/article>\n\t\t<\/div>\n\t<\/div>\n\t<\/div>\n\n\t<div id=\"asdasd\" class=\"vc_col-sm-4 wpb_column vc_column_container mobile-border-bottom custom_bg\" >\n\t<div class=\"vc_column-inner\" style=\"background-color: rgba(255,255,255,0.1);\">\n\t\t<div class=\"wpb_wrapper\" >\n\t\t\t<article  class=\"image-content-box content-box box-style-1 center\"><div class=\"featured_image_holder\"><img decoding=\"async\" class=\"img-responsive\" src=\"https:\/\/yachtsolaris.com\/wp-content\/uploads\/2020\/05\/aqua-food.jpg\" alt=\"aqua sea food\" \/><\/div><div class=\"text-holder\"><h3 class=\"heading\">Comida deliciosa: \u00a1Se te har\u00e1 agua la boca!<\/h3> <article class=\"icon-content-box content-box icon-top icon-style-1\">\n<div class=\"text-holder\">\n<p id=\"u12460-2\">Nuestro cocinero profesional y sus ayudantes de cocina te ofrecer\u00e1n un desayuno abundante y deliciosos almuerzos y cenas calientes, todo servido en abundante estilo buffet.<\/p>\n<p id=\"u12460-5\">La cocina te sorprender\u00e1 con un men\u00fa variado de platos locales e internacionales con al menos dos opciones de prote\u00ednas, generalmente pescado, pollo o carne; arroz, papas o pasta; y variedad de verduras y ensaladas.<\/p>\n<p id=\"u12460-8\">Nuestra comida es sana y deliciosa. Tambi\u00e9n podemos preparar men\u00fas especiales (para personas vegetarianas o con otros requisitos diet\u00e9ticos) y est\u00e1n disponibles previa solicitud sin costo adicional. Tambi\u00e9n se sirven snacks y jugos entre las comidas.<\/p>\n<\/div>\n<\/article>\n<\/div><\/article>\n\t\t<\/div>\n\t<\/div>\n\t<\/div>\n\n\t<div id=\"asdasd\" class=\"vc_col-sm-4 wpb_column vc_column_container mobile-border-bottom\" >\n\t<div class=\"vc_column-inner\" style=\"padding-bottom:30px;\">\n\t\t<div class=\"wpb_wrapper\" >\n\t\t\t<article  class=\"image-content-box content-box box-style-1 center\"><div class=\"featured_image_holder\"><img decoding=\"async\" class=\"img-responsive\" src=\"https:\/\/yachtsolaris.com\/wp-content\/uploads\/2022\/06\/solaris_safety.jpg\" alt=\"solaris-safety-oniric-cruises-galapagos\" \/><\/div><div class=\"text-holder\"><h3 class=\"heading\">Mientras tanto, tu capit\u00e1n navega con seguridad hacia el pr\u00f3ximo destino<\/h3> <article class=\"icon-content-box content-box icon-top icon-style-1\">\n<div class=\"text-holder\">\n<p class=\"aligncenter\">Mientras disfrutas despreocupadamente del ambiente relajado a bordo, puedes confiar en que el capit\u00e1n y su competente tripulaci\u00f3n se asegurar\u00e1n de que est\u00e9s a salvo en todo momento. Siempre estar\u00e1n ah\u00ed para ayudarte a embarcar y desembarcar de manera segura, y conducir\u00e1n los botes inflables con prudencia.<\/p>\n<p class=\"aligncenter\">Muchas zonas de las Gal\u00e1pagos est\u00e1n muy aisladas y requieren autosuficiencia. Por supuesto, todos los miembros de la tripulaci\u00f3n tienen conocimientos de primeros auxilios.<\/p>\n<p class=\"aligncenter\">Adem\u00e1s, tu gu\u00eda naturalista y el capit\u00e1n est\u00e1n capacitados para lidiar con eventuales emergencias m\u00e9dicas u otras emergencias a bordo. El puente de mando siempre mantiene contacto por radio con el mundo exterior.<\/p>\n<\/div>\n<\/article>\n<\/div><\/article>\n\t\t<\/div>\n\t<\/div>\n\t<\/div>\n\n\t<div id=\"asdasd\" class=\"vc_col-sm-12 wpb_column vc_column_container\" >\n\t<div class=\"vc_column-inner\">\n\t\t<div class=\"wpb_wrapper\" >\n\t\t\t<div class=\"ult-spacer spacer-69e0039ae88e2\" data-id=\"69e0039ae88e2\" data-height=\"40\" data-height-mobile=\"40\" data-height-tab=\"40\" data-height-tab-portrait=\"\" data-height-mobile-landscape=\"\" style=\"clear:both;display:block;\"><\/div>\n\t\t<\/div>\n\t<\/div>\n\t<\/div>\n\n\t<div id=\"asdasd\" class=\"vc_col-sm-12 wpb_column vc_column_container\" >\n\t<div class=\"vc_column-inner\">\n\t\t<div class=\"wpb_wrapper\" >\n\t\t\t<div class=\"rt_features clearfix  nav-columns-1 gallery-align-left\"><div class=\"feature_galleries\" style=\"min-height:200px\">\n<div id=\"feature-1-gallery\" class=\"feature_gallery_wrapper  active\" data-feature-gallery=\"1\"><a id=\"lightbox-538842\" class=\"imgeffect zoom rt_lightbox\" data-gal-id=\"slider-feature-1\" data-rel=\"rt_lightbox\" title=\"Enlarge Image\" data-title=\"Sea Lions Encounter\" data-sub-html=\"\" data-src=\"\" data-width=\"\" data-height=\"\" data-poster=\"\" data-autoplay=\"\" data-audiotitle=\"\" data-download-url=\"false\" href=\"https:\/\/yachtsolaris.com\/wp-content\/uploads\/2020\/05\/Sea-Lions-Encounter.jpg\"><div class=\"gallery-image has-bg-image\" style=\"background-image:url(https:\/\/yachtsolaris.com\/wp-content\/uploads\/2020\/05\/Sea-Lions-Encounter-900x600.jpg);\"><\/div><\/a><\/div>\n<\/div>\n<div class=\"feature_contents_wrapper\" style=\"min-height:200px\">\n<ul class=\"feature_nav\">\n<li class=\"feature_title  active\" id=\"feature-1-title\" data-number=\"1\"><\/li>\n<\/ul>\n<div class=\"feature_contents\"><div id=\"feature-1-content\" class=\"feature_content_wrapper  active\" data-feature-content=\"1\">\n<div class=\"tab_content\">\n<h3 class=\"feature-heading\"><\/h3>\n<h3>\u00a1M\u00e1s cerca que nunca de la naturaleza!<\/h3>\n<p id=\"u12469-2\">Una expedici\u00f3n por el archipi\u00e9lago de Gal\u00e1pagos es una experiencia \u00fanica que no olvidar\u00e1s f\u00e1cilmente. El aire libre de este parque nacional es parte de lo que lo hace un destino incomparable para la observaci\u00f3n de aves y vida silvestre. Quedar\u00e1s impresionado constantemente al poder observar, acercarte y fotografiar sus formas de vida incre\u00edblemente d\u00f3ciles y pr\u00f3speras. \u00a1Estar\u00e1s m\u00e1s cerca que nunca de la naturaleza!<\/p>\n<p id=\"u12469-5\">Las Islas Gal\u00e1pagos est\u00e1n ubicadas en el ecuador, a unos 900 km de la costa del Pac\u00edfico de Ecuador (Am\u00e9rica del Sur). La naturaleza en estas islas remotas y en sus aguas circundantes es tan extra\u00f1a, diversa y abundante, que el archipi\u00e9lago es a menudo elogiado por ser uno de los destinos ecol\u00f3gicos m\u00e1s impresionantes y m\u00e1gicos del mundo; junto con, pero totalmente diferente a, la selva amaz\u00f3nica, la pen\u00ednsula ant\u00e1rtica, la gran barrera de coral y las sabanas africanas.<\/p>\n<p id=\"u12469-8\">Ya que est\u00e1s aqu\u00ed, \u00bfqu\u00e9 tal si expandes tu gran excursi\u00f3n con una estad\u00eda en uno de los c\u00f3modos alojamientos en la Amazon\u00eda ecuatoriana?<\/p>\n<\/div><\/div>\n<\/div>\n<div class=\"feature_mobile_nav bottom\">\n\t\t<ul>\n\t\t<li class=\"prev-feature-holder\"><span class=\"icon-left-open\"><\/span><a class=\"prev-feature\" data-current-feature=\"1\" href=\"#\" title=\"Previous Feature\">-<\/a><\/li>\n\t\t<li class=\"next-feature-holder\"><a class=\"next-feature\" data-current-feature=\"1\" href=\"#\" title=\"Next Feature\">-<\/a><span class=\"icon-right-open\"><\/span><\/li>\n\t\t<\/ul>\n\t\t<\/div>\n<\/div>\n<\/div><div class=\"ult-spacer spacer-69e0039ae8edf\" data-id=\"69e0039ae8edf\" data-height=\"\" data-height-mobile=\"\" data-height-tab=\"\" data-height-tab-portrait=\"\" data-height-mobile-landscape=\"\" style=\"clear:both;display:block;\"><\/div>\n\t\t<\/div>\n\t<\/div>\n\t<\/div>\n<\/div>\n<\/div>\n\n<div  class=\"content_row row vc_row wpb_row  default-style fullwidth fixed_heights rt-flex-wrapper rt-flex-wrapper\" >\n\t\n\t<div class=\"content_row_wrapper align-contents content-align-middle fullwidth\" ><div id=\"asdasd\" class=\"vc_col-sm-6 wpb_column vc_column_container\" >\n\t<div class=\"vc_column-inner\">\n\t\t<div class=\"wpb_wrapper\" >\n\t\t\t<div class=\"rt_heading_wrapper style-1\">\n\t\t\t\t\t\t<h1 class=\"rt_heading  style-1\"  style=\"margin-bottom:60px;\">Piensa verde<\/h1> \n\t\t\t\t\t<\/div><article  class=\"icon-content-box content-box icon-left icon-style-1\"><div class=\"icon-holder\"><\/div><div class=\"text-holder\"><h6 class=\"heading\">Nuestro yate ha sido dise\u00f1ado para reducir el impacto en el fr\u00e1gil ecosistema. Cumplimos con los requisitos ambientales en:<\/h6> <div id=\"u53343-13\" class=\"clearfix colelem\">\n<ul id=\"u53343-3\" class=\"list0 nls-None\">\n<li style=\"text-align: left;\">Tama\u00f1o \u00f3ptimo del grupo<\/li>\n<li>Eficiencia de combustible<\/li>\n<li style=\"text-align: left;\">Reducci\u00f3n de ruido<\/li>\n<li>Conservaci\u00f3n de agua potable<\/li>\n<li>Tratamiento de aguas residuales<\/li>\n<li>Manejo de aguas residuales<\/li>\n<li>\u00c1reas interiores de no fumadores<\/li>\n<li>Animar a los pasajeros a que ellos tambi\u00e9n piensen verde<\/li>\n<\/ul>\n<\/div>\n<\/div><\/article>\n\t\t<\/div>\n\t<\/div>\n\t<\/div>\n\n\t<div id=\"asdasd\" class=\"vc_col-sm-6 wpb_column vc_column_container\" >\n\t<div class=\"vc_column-inner\">\n\t\t<div class=\"wpb_wrapper\" >\n\t\t\t<div class=\"rt_heading_wrapper style-1\">\n\t\t\t\t\t\t<h1 class=\"rt_heading  style-1\"  style=\"margin-bottom:60px;\">\u00a1Solo est\u00e1s en las Islas Gal\u00e1pagos una vez!<\/h1> \n\t\t\t\t\t<\/div><article  class=\"icon-content-box content-box icon-left icon-style-1\"><div class=\"icon-holder\"><\/div><div class=\"text-holder\"> <p id=\"u12475-2\">Nuestras rutas m\u00e1s cortas dan una excelente impresi\u00f3n de este \u00fanico \u201claboratorio de la evoluci\u00f3n\u201d, en caso de que tengas poco tiempo o si tienes un presupuesto limitado. Tambi\u00e9n ten en cuenta que es imposible ver todos los aspectos m\u00e1s destacados en s\u00f3lo unos d\u00edas. Por otro lado, probablemente s\u00f3lo visitar\u00e1s las Gal\u00e1pagos una vez en la vida. Cada isla es distinta y vale la pena visitarla, y tienen diferentes paisajes y un espectro siempre cambiante de especies adaptadas.<\/p>\n<p id=\"u12475-5\">Si quieres sacarle el m\u00e1ximo provecho a tu expedici\u00f3n y navegar pr\u00e1cticamente por todos los rincones del archipi\u00e9lago para disfrutar de su espectro extremadamente variado, te sugerimos que consideres ampliar tu crucero combinando nuestras rutas (de 4 a 14 noches en total).<\/p>\n<\/div><\/article>\n\t\t<\/div>\n\t<\/div>\n\t<\/div>\n<\/div>\n<\/div>\n<\/div>","protected":false},"excerpt":{"rendered":"<p>&#8230; <a class=\"more-link\" href=\"https:\/\/yachtsolaris.com\/es\/galapagos-experience\/\">Continue reading<\/a><\/p>","protected":false},"author":1,"featured_media":0,"parent":0,"menu_order":0,"comment_status":"closed","ping_status":"closed","template":"","meta":{"footnotes":""},"class_list":["post-4217","page","type-page","status-publish","hentry"],"yoast_head":"<!-- This site is optimized with the Yoast SEO plugin v27.4 - https:\/\/yoast.com\/product\/yoast-seo-wordpress\/ -->\n<title>Galapagos Experience - Yacht Solaris<\/title>\n<meta name=\"robots\" content=\"index, follow, max-snippet:-1, max-image-preview:large, max-video-preview:-1\" \/>\n<link rel=\"canonical\" href=\"https:\/\/yachtsolaris.com\/es\/galapagos-experience\/\" \/>\n<meta property=\"og:locale\" content=\"es_ES\" \/>\n<meta property=\"og:type\" content=\"article\" \/>\n<meta property=\"og:title\" content=\"Galapagos Experience - Yacht Solaris\" \/>\n<meta property=\"og:url\" content=\"https:\/\/yachtsolaris.com\/es\/galapagos-experience\/\" \/>\n<meta property=\"og:site_name\" content=\"Yacht Solaris\" \/>\n<meta property=\"article:modified_time\" content=\"2024-07-25T15:21:58+00:00\" \/>\n<meta name=\"twitter:card\" content=\"summary_large_image\" \/>\n<meta name=\"twitter:label1\" content=\"Tiempo de lectura\" \/>\n\t<meta name=\"twitter:data1\" content=\"8 minutos\" \/>\n<script type=\"application\/ld+json\" class=\"yoast-schema-graph\">{\"@context\":\"https:\\\/\\\/schema.org\",\"@graph\":[{\"@type\":\"WebPage\",\"@id\":\"https:\\\/\\\/yachtsolaris.com\\\/galapagos-experience\\\/\",\"url\":\"https:\\\/\\\/yachtsolaris.com\\\/galapagos-experience\\\/\",\"name\":\"Galapagos Experience - Yacht Solaris\",\"isPartOf\":{\"@id\":\"https:\\\/\\\/yachtsolaris.com\\\/#website\"},\"datePublished\":\"2020-04-13T17:06:20+00:00\",\"dateModified\":\"2024-07-25T15:21:58+00:00\",\"breadcrumb\":{\"@id\":\"https:\\\/\\\/yachtsolaris.com\\\/galapagos-experience\\\/#breadcrumb\"},\"inLanguage\":\"es\",\"potentialAction\":[{\"@type\":\"ReadAction\",\"target\":[\"https:\\\/\\\/yachtsolaris.com\\\/galapagos-experience\\\/\"]}]},{\"@type\":\"BreadcrumbList\",\"@id\":\"https:\\\/\\\/yachtsolaris.com\\\/galapagos-experience\\\/#breadcrumb\",\"itemListElement\":[{\"@type\":\"ListItem\",\"position\":1,\"name\":\"Home\",\"item\":\"https:\\\/\\\/yachtsolaris.com\\\/\"},{\"@type\":\"ListItem\",\"position\":2,\"name\":\"Galapagos Experience\"}]},{\"@type\":\"WebSite\",\"@id\":\"https:\\\/\\\/yachtsolaris.com\\\/#website\",\"url\":\"https:\\\/\\\/yachtsolaris.com\\\/\",\"name\":\"Catamaran Archipel\",\"description\":\"Enjoy Galapagos Islands now!\",\"potentialAction\":[{\"@type\":\"SearchAction\",\"target\":{\"@type\":\"EntryPoint\",\"urlTemplate\":\"https:\\\/\\\/yachtsolaris.com\\\/?s={search_term_string}\"},\"query-input\":{\"@type\":\"PropertyValueSpecification\",\"valueRequired\":true,\"valueName\":\"search_term_string\"}}],\"inLanguage\":\"es\"}]}<\/script>\n<!-- \/ Yoast SEO plugin. -->","yoast_head_json":{"title":"Galapagos Experience - Yacht Solaris","robots":{"index":"index","follow":"follow","max-snippet":"max-snippet:-1","max-image-preview":"max-image-preview:large","max-video-preview":"max-video-preview:-1"},"canonical":"https:\/\/yachtsolaris.com\/es\/galapagos-experience\/","og_locale":"es_ES","og_type":"article","og_title":"Galapagos Experience - Yacht Solaris","og_url":"https:\/\/yachtsolaris.com\/es\/galapagos-experience\/","og_site_name":"Yacht Solaris","article_modified_time":"2024-07-25T15:21:58+00:00","twitter_card":"summary_large_image","twitter_misc":{"Tiempo de lectura":"8 minutos"},"schema":{"@context":"https:\/\/schema.org","@graph":[{"@type":"WebPage","@id":"https:\/\/yachtsolaris.com\/galapagos-experience\/","url":"https:\/\/yachtsolaris.com\/galapagos-experience\/","name":"Galapagos Experience - Yacht Solaris","isPartOf":{"@id":"https:\/\/yachtsolaris.com\/#website"},"datePublished":"2020-04-13T17:06:20+00:00","dateModified":"2024-07-25T15:21:58+00:00","breadcrumb":{"@id":"https:\/\/yachtsolaris.com\/galapagos-experience\/#breadcrumb"},"inLanguage":"es","potentialAction":[{"@type":"ReadAction","target":["https:\/\/yachtsolaris.com\/galapagos-experience\/"]}]},{"@type":"BreadcrumbList","@id":"https:\/\/yachtsolaris.com\/galapagos-experience\/#breadcrumb","itemListElement":[{"@type":"ListItem","position":1,"name":"Home","item":"https:\/\/yachtsolaris.com\/"},{"@type":"ListItem","position":2,"name":"Galapagos Experience"}]},{"@type":"WebSite","@id":"https:\/\/yachtsolaris.com\/#website","url":"https:\/\/yachtsolaris.com\/","name":"Catamaran Archipel","description":"\u00a1Disfrute de las Islas Gal\u00e1pagos!","potentialAction":[{"@type":"SearchAction","target":{"@type":"EntryPoint","urlTemplate":"https:\/\/yachtsolaris.com\/?s={search_term_string}"},"query-input":{"@type":"PropertyValueSpecification","valueRequired":true,"valueName":"search_term_string"}}],"inLanguage":"es"}]}},"_links":{"self":[{"href":"https:\/\/yachtsolaris.com\/es\/wp-json\/wp\/v2\/pages\/4217","targetHints":{"allow":["GET"]}}],"collection":[{"href":"https:\/\/yachtsolaris.com\/es\/wp-json\/wp\/v2\/pages"}],"about":[{"href":"https:\/\/yachtsolaris.com\/es\/wp-json\/wp\/v2\/types\/page"}],"author":[{"embeddable":true,"href":"https:\/\/yachtsolaris.com\/es\/wp-json\/wp\/v2\/users\/1"}],"replies":[{"embeddable":true,"href":"https:\/\/yachtsolaris.com\/es\/wp-json\/wp\/v2\/comments?post=4217"}],"version-history":[{"count":45,"href":"https:\/\/yachtsolaris.com\/es\/wp-json\/wp\/v2\/pages\/4217\/revisions"}],"predecessor-version":[{"id":5003,"href":"https:\/\/yachtsolaris.com\/es\/wp-json\/wp\/v2\/pages\/4217\/revisions\/5003"}],"wp:attachment":[{"href":"https:\/\/yachtsolaris.com\/es\/wp-json\/wp\/v2\/media?parent=4217"}],"curies":[{"name":"wp","href":"https:\/\/api.w.org\/{rel}","templated":true}]}}